{"id":392,"date":"2026-05-11T15:03:55","date_gmt":"2026-05-11T15:03:55","guid":{"rendered":"https:\/\/beazal.pl\/?page_id=392"},"modified":"2026-05-11T20:56:41","modified_gmt":"2026-05-11T20:56:41","slug":"opinie","status":"publish","type":"page","link":"https:\/\/beazal.pl\/?page_id=392","title":{"rendered":"OPINIE"},"content":{"rendered":"\t\t<div data-elementor-type=\"wp-page\" data-elementor-id=\"392\" class=\"elementor elementor-392\" data-elementor-post-type=\"page\">\n\t\t\t\t<div class=\"elementor-element elementor-element-da53604 e-flex e-con-boxed e-con e-parent\" data-id=\"da53604\" data-element_type=\"container\" data-e-type=\"container\" data-settings=\"{&quot;background_background&quot;:&quot;classic&quot;,&quot;background_motion_fx_motion_fx_scrolling&quot;:&quot;yes&quot;,&quot;background_motion_fx_translateY_effect&quot;:&quot;yes&quot;,&quot;background_motion_fx_translateY_speed&quot;:{&quot;unit&quot;:&quot;px&quot;,&quot;size&quot;:4,&quot;sizes&quot;:[]},&quot;background_motion_fx_translateY_affectedRange&quot;:{&quot;unit&quot;:&quot;%&quot;,&quot;size&quot;:&quot;&quot;,&quot;sizes&quot;:{&quot;start&quot;:0,&quot;end&quot;:100}},&quot;background_motion_fx_devices&quot;:[&quot;desktop&quot;,&quot;tablet&quot;,&quot;mobile&quot;]}\">\n\t\t\t\t\t<div class=\"e-con-inner\">\n\t\t<div class=\"elementor-element elementor-element-44ce568 e-flex e-con-boxed e-con e-child\" data-id=\"44ce568\" data-element_type=\"container\" data-e-type=\"container\" data-settings=\"{&quot;background_background&quot;:&quot;classic&quot;}\">\n\t\t\t\t\t<div class=\"e-con-inner\">\n\t\t<div class=\"elementor-element elementor-element-0d721b7 e-grid e-con-full e-con e-child\" data-id=\"0d721b7\" data-element_type=\"container\" data-e-type=\"container\" data-settings=\"{&quot;background_background&quot;:&quot;classic&quot;}\">\n\t\t\t\t\t\t\t\t<p class=\"e-108dcdf-cdcf1c6 e-paragraph-base\" data-interaction-id=\"108dcdf\"  data-e-type=\"widget\" data-id=\"108dcdf\">\n\t\t\t\t\t\t\t\t<strong>TERAPIA BOWENA<\/strong>\n\t\t\t\t\t<\/p>\n\t\t\t\t\t\t\t\t<p class=\"e-b1198b2-9341ffe e-paragraph-base\" data-interaction-id=\"b1198b2\"  data-e-type=\"widget\" data-id=\"b1198b2\">\n\t\t\t\t\t\t\t\t<strong>WK\u0141ADKI FOOTBALANCE<\/strong>\n\t\t\t\t\t<\/p>\n\t\t\t\t\t\t\t\t<p class=\"e-1412da8-b43eb4c e-paragraph-base\" data-interaction-id=\"1412da8\"  data-e-type=\"widget\" data-id=\"1412da8\">\n\t\t\t\t\t\t\t\t<strong>FIZYKOTERAPIA<\/strong><br><br>\n\t\t\t\t\t<\/p>\n\t\t\t\t<\/div>\n\t\t\t\t\t\t\t<h2 \n\t\tdata-interaction-id=\"4087de8\" \n\t\tclass=\"e-4087de8-7d915a9 e-heading-base\" \n\t\t \n\t\tdata-e-type=\"widget\" data-id=\"4087de8\"\n\t>\n\t\n\t\t\tKTO NAS ODWIEDZA<br>I CO O NAS M\u00d3WI\u0104?\n\t\t<\/h2>\n\t\t\t\t\t<\/div>\n\t\t\t\t<\/div>\n\t\t\t\t\t\t\t\t<p class=\"e-d0fad6b-320f64a e-paragraph-base\" data-interaction-id=\"d0fad6b\"  data-e-type=\"widget\" data-id=\"d0fad6b\">\n\t\t\t\t\t\t\t\t<strong>TERAPIA BOWENA<\/strong>\n\t\t\t\t\t<\/p>\n\t\t\t\t\t\t\t\t<p class=\"e-b1b21d9-2c8952f e-paragraph-base\" data-interaction-id=\"b1b21d9\"  data-e-type=\"widget\" data-id=\"b1b21d9\">\n\t\t\t\t\t\t\t\t<strong>TERAPIA BOWENA<\/strong>\n\t\t\t\t\t<\/p>\n\t\t\t\t\t<\/div>\n\t\t\t\t<\/div>\n\t\t<div class=\"elementor-element elementor-element-17b07af e-flex e-con-boxed e-con e-parent\" data-id=\"17b07af\" data-element_type=\"container\" data-e-type=\"container\">\n\t\t\t\t\t<div class=\"e-con-inner\">\n\t\t<div class=\"elementor-element elementor-element-8c1b201 e-con-full e-flex e-con e-child\" data-id=\"8c1b201\" data-element_type=\"container\" data-e-type=\"container\" data-settings=\"{&quot;background_background&quot;:&quot;classic&quot;}\">\n\t\t\t\t<div class=\"elementor-element elementor-element-515e1ba elementor-widget elementor-widget-spacer\" data-id=\"515e1ba\" data-element_type=\"widget\" data-e-type=\"widget\" data-widget_type=\"spacer.default\">\n\t\t\t\t\t\t\t<div class=\"elementor-spacer\">\n\t\t\t<div class=\"elementor-spacer-inner\"><\/div>\n\t\t<\/div>\n\t\t\t\t\t\t<\/div>\n\t\t\t\t<div class=\"elementor-element elementor-element-1e4de91 elementor-widget elementor-widget-spacer\" data-id=\"1e4de91\" data-element_type=\"widget\" data-e-type=\"widget\" data-widget_type=\"spacer.default\">\n\t\t\t\t\t\t\t<div class=\"elementor-spacer\">\n\t\t\t<div class=\"elementor-spacer-inner\"><\/div>\n\t\t<\/div>\n\t\t\t\t\t\t<\/div>\n\t\t\t\t<div class=\"elementor-element elementor-element-26d9f10 elementor-widget elementor-widget-spacer\" data-id=\"26d9f10\" data-element_type=\"widget\" data-e-type=\"widget\" data-widget_type=\"spacer.default\">\n\t\t\t\t\t\t\t<div class=\"elementor-spacer\">\n\t\t\t<div class=\"elementor-spacer-inner\"><\/div>\n\t\t<\/div>\n\t\t\t\t\t\t<\/div>\n\t\t\t\t<\/div>\n\t\t\t\t\t<\/div>\n\t\t\t\t<\/div>\n\t\t\t\t<\/div>\n\t\t","protected":false},"excerpt":{"rendered":"<p>TERAPIA BOWENA WK\u0141ADKI FOOTBALANCE FIZYKOTERAPIA KTO NAS ODWIEDZAI CO O NAS M\u00d3WI\u0104? TERAPIA BOWENA TERAPIA BOWENA<\/p>\n","protected":false},"author":1,"featured_media":0,"parent":0,"menu_order":0,"comment_status":"closed","ping_status":"closed","template":"","meta":{"footnotes":""},"class_list":["post-392","page","type-page","status-publish","hentry"],"_links":{"self":[{"href":"https:\/\/beazal.pl\/index.php?rest_route=\/wp\/v2\/pages\/392","targetHints":{"allow":["GET"]}}],"collection":[{"href":"https:\/\/beazal.pl\/index.php?rest_route=\/wp\/v2\/pages"}],"about":[{"href":"https:\/\/beazal.pl\/index.php?rest_route=\/wp\/v2\/types\/page"}],"author":[{"embeddable":true,"href":"https:\/\/beazal.pl\/index.php?rest_route=\/wp\/v2\/users\/1"}],"replies":[{"embeddable":true,"href":"https:\/\/beazal.pl\/index.php?rest_route=%2Fwp%2Fv2%2Fcomments&post=392"}],"version-history":[{"count":7,"href":"https:\/\/beazal.pl\/index.php?rest_route=\/wp\/v2\/pages\/392\/revisions"}],"predecessor-version":[{"id":452,"href":"https:\/\/beazal.pl\/index.php?rest_route=\/wp\/v2\/pages\/392\/revisions\/452"}],"wp:attachment":[{"href":"https:\/\/beazal.pl\/index.php?rest_route=%2Fwp%2Fv2%2Fmedia&parent=392"}],"curies":[{"name":"wp","href":"https:\/\/api.w.org\/{rel}","templated":true}]}}